{"id":6890,"date":"2023-10-25T16:46:48","date_gmt":"2023-10-25T16:46:48","guid":{"rendered":"http:\/\/34.166.59.249\/?page_id=6890"},"modified":"2025-11-28T18:54:31","modified_gmt":"2025-11-29T00:54:31","slug":"evaluacion","status":"publish","type":"page","link":"https:\/\/insad.mx\/?page_id=6890","title":{"rendered":"Evaluaci\u00f3n"},"content":{"rendered":"\t\t<div data-elementor-type=\"wp-page\" data-elementor-id=\"6890\" class=\"elementor elementor-6890\">\n\t\t\t\t<div class=\"elementor-element elementor-element-a154d8f e-flex e-con-boxed e-con e-parent\" data-id=\"a154d8f\" data-element_type=\"container\" data-e-type=\"container\" data-settings=\"{&quot;background_background&quot;:&quot;classic&quot;}\">\n\t\t\t\t\t<div class=\"e-con-inner\">\n\t\t\t\t<div class=\"elementor-element elementor-element-8310aa9 elementor-widget elementor-widget-heading\" data-id=\"8310aa9\" data-element_type=\"widget\" data-e-type=\"widget\" data-widget_type=\"heading.default\">\n\t\t\t\t<div class=\"elementor-widget-container\">\n\t\t\t\t\t<h6 class=\"elementor-heading-title elementor-size-default\">Servicios<\/h6>\t\t\t\t<\/div>\n\t\t\t\t<\/div>\n\t\t<div class=\"elementor-element elementor-element-34cb282 e-flex e-con-boxed e-con e-child\" data-id=\"34cb282\" data-element_type=\"container\" data-e-type=\"container\">\n\t\t\t\t\t<div class=\"e-con-inner\">\n\t\t\t\t<div class=\"elementor-element elementor-element-c2387ce elementor-widget elementor-widget-image\" data-id=\"c2387ce\" data-element_type=\"widget\" data-e-type=\"widget\" data-widget_type=\"image.default\">\n\t\t\t\t<div class=\"elementor-widget-container\">\n\t\t\t\t\t\t\t\t\t\t\t\t\t\t\t<img fetchpriority=\"high\" decoding=\"async\" width=\"1024\" height=\"253\" src=\"https:\/\/insad.mx\/wp-content\/uploads\/2024\/02\/INSAD_Evaluacion-1024x253.png\" class=\"attachment-large size-large wp-image-8216\" alt=\"\" srcset=\"https:\/\/insad.mx\/wp-content\/uploads\/2024\/02\/INSAD_Evaluacion-1024x253.png 1024w, https:\/\/insad.mx\/wp-content\/uploads\/2024\/02\/INSAD_Evaluacion-300x74.png 300w, https:\/\/insad.mx\/wp-content\/uploads\/2024\/02\/INSAD_Evaluacion-768x190.png 768w, https:\/\/insad.mx\/wp-content\/uploads\/2024\/02\/INSAD_Evaluacion-1536x380.png 1536w, https:\/\/insad.mx\/wp-content\/uploads\/2024\/02\/INSAD_Evaluacion.png 2021w\" sizes=\"(max-width: 1024px) 100vw, 1024px\" \/>\t\t\t\t\t\t\t\t\t\t\t\t\t\t\t<\/div>\n\t\t\t\t<\/div>\n\t\t\t\t<div class=\"elementor-element elementor-element-7db36d1 elementor-hidden-desktop elementor-hidden-tablet elementor-hidden-mobile elementor-widget elementor-widget-heading\" data-id=\"7db36d1\" data-element_type=\"widget\" data-e-type=\"widget\" data-widget_type=\"heading.default\">\n\t\t\t\t<div class=\"elementor-widget-container\">\n\t\t\t\t\t<p class=\"elementor-heading-title elementor-size-default\">Evaluaci\u00f3n<\/p>\t\t\t\t<\/div>\n\t\t\t\t<\/div>\n\t\t\t\t\t<\/div>\n\t\t\t\t<\/div>\n\t\t\t\t\t<\/div>\n\t\t\t\t<\/div>\n\t\t<div class=\"elementor-element elementor-element-80b1609 e-flex e-con-boxed e-con e-parent\" data-id=\"80b1609\" data-element_type=\"container\" data-e-type=\"container\" data-settings=\"{&quot;background_background&quot;:&quot;classic&quot;}\">\n\t\t\t\t\t<div class=\"e-con-inner\">\n\t\t\t\t<div class=\"elementor-element elementor-element-9aff67f elementor-widget elementor-widget-heading\" data-id=\"9aff67f\" data-element_type=\"widget\" data-e-type=\"widget\" data-widget_type=\"heading.default\">\n\t\t\t\t<div class=\"elementor-widget-container\">\n\t\t\t\t\t<h3 class=\"elementor-heading-title elementor-size-default\">Insad se caracteriza por su experiencia en materia de evaluaci\u00f3n. <\/h3>\t\t\t\t<\/div>\n\t\t\t\t<\/div>\n\t\t\t\t<div class=\"elementor-element elementor-element-99c1ad0 elementor-widget elementor-widget-heading\" data-id=\"99c1ad0\" data-element_type=\"widget\" data-e-type=\"widget\" data-widget_type=\"heading.default\">\n\t\t\t\t<div class=\"elementor-widget-container\">\n\t\t\t\t\t<h5 class=\"elementor-heading-title elementor-size-default\">La mayor parte de los proyectos que realizamos recaen en este campo, desde el monitoreo de procesos de peque\u00f1os proyectos hasta evaluaciones de impacto de programas nacionales.<\/h5>\t\t\t\t<\/div>\n\t\t\t\t<\/div>\n\t\t\t\t\t<\/div>\n\t\t\t\t<\/div>\n\t\t\t\t<section class=\"elementor-section elementor-top-section elementor-element elementor-element-92950af elementor-section-boxed elementor-section-height-default elementor-section-height-default\" data-id=\"92950af\" data-element_type=\"section\" data-e-type=\"section\" data-settings=\"{&quot;background_background&quot;:&quot;classic&quot;}\">\n\t\t\t\t\t\t\t<div class=\"elementor-background-overlay\"><\/div>\n\t\t\t\t\t\t\t<div class=\"elementor-container elementor-column-gap-no\">\n\t\t\t\t\t<div class=\"elementor-column elementor-col-50 elementor-top-column elementor-element elementor-element-081da89\" data-id=\"081da89\" data-element_type=\"column\" data-e-type=\"column\" data-settings=\"{&quot;background_background&quot;:&quot;classic&quot;}\">\n\t\t\t<div class=\"elementor-widget-wrap elementor-element-populated\">\n\t\t\t\t\t\t<div class=\"elementor-element elementor-element-b461a45 elementor-widget elementor-widget-image\" data-id=\"b461a45\" data-element_type=\"widget\" data-e-type=\"widget\" data-widget_type=\"image.default\">\n\t\t\t\t<div class=\"elementor-widget-container\">\n\t\t\t\t\t\t\t\t\t\t\t\t\t\t\t<img decoding=\"async\" width=\"1024\" height=\"682\" src=\"https:\/\/insad.mx\/wp-content\/uploads\/2023\/11\/algebra-1238600_1280-1024x682.jpg\" class=\"attachment-large size-large wp-image-7190\" alt=\"\" srcset=\"https:\/\/insad.mx\/wp-content\/uploads\/2023\/11\/algebra-1238600_1280-1024x682.jpg 1024w, https:\/\/insad.mx\/wp-content\/uploads\/2023\/11\/algebra-1238600_1280-300x200.jpg 300w, https:\/\/insad.mx\/wp-content\/uploads\/2023\/11\/algebra-1238600_1280-768x512.jpg 768w, https:\/\/insad.mx\/wp-content\/uploads\/2023\/11\/algebra-1238600_1280.jpg 1280w\" sizes=\"(max-width: 1024px) 100vw, 1024px\" \/>\t\t\t\t\t\t\t\t\t\t\t\t\t\t\t<\/div>\n\t\t\t\t<\/div>\n\t\t\t\t<div class=\"elementor-element elementor-element-22f7773 elementor-widget elementor-widget-heading\" data-id=\"22f7773\" data-element_type=\"widget\" data-e-type=\"widget\" data-widget_type=\"heading.default\">\n\t\t\t\t<div class=\"elementor-widget-container\">\n\t\t\t\t\t<h5 class=\"elementor-heading-title elementor-size-default\">Evaluaciones externas<\/h5>\t\t\t\t<\/div>\n\t\t\t\t<\/div>\n\t\t\t\t<div class=\"elementor-element elementor-element-df9f509 elementor-widget elementor-widget-text-editor\" data-id=\"df9f509\" data-element_type=\"widget\" data-e-type=\"widget\" data-widget_type=\"text-editor.default\">\n\t\t\t\t<div class=\"elementor-widget-container\">\n\t\t\t\t\t\t\t\t\t<p>Dise\u00f1amos el proyecto, desde la elaboraci\u00f3n del plan de monitoreo y evaluaci\u00f3n, la creaci\u00f3n de indicadores, dise\u00f1o de instrumentos, organizaci\u00f3n log\u00edstica, recolecci\u00f3n de datos, sistematizaci\u00f3n, an\u00e1lisis, elaboraci\u00f3n de informes y planteamiento de recomendaciones, de acuerdo con los objetivos de cada proyecto.<\/p><p>Insad ha realizado m\u00e1s de 60 <strong>evaluaciones de programas federales<\/strong>\u00a0de acuerdo con los lineamientos del Consejo Nacional de Evaluaci\u00f3n de la Pol\u00edtica de Desarrollo Social (CONEVAL), la Secretar\u00eda de Hacienda y Cr\u00e9dito P\u00fablico (SHCP) y la Secretar\u00eda de la Funci\u00f3n P\u00fablica (SFP).<\/p>\t\t\t\t\t\t\t\t<\/div>\n\t\t\t\t<\/div>\n\t\t\t\t\t<\/div>\n\t\t<\/div>\n\t\t\t\t<div class=\"elementor-column elementor-col-50 elementor-top-column elementor-element elementor-element-52a5d55\" data-id=\"52a5d55\" data-element_type=\"column\" data-e-type=\"column\" data-settings=\"{&quot;background_background&quot;:&quot;classic&quot;}\">\n\t\t\t<div class=\"elementor-widget-wrap elementor-element-populated\">\n\t\t\t\t\t\t<div class=\"elementor-element elementor-element-93d12c3 elementor-widget elementor-widget-image\" data-id=\"93d12c3\" data-element_type=\"widget\" data-e-type=\"widget\" data-widget_type=\"image.default\">\n\t\t\t\t<div class=\"elementor-widget-container\">\n\t\t\t\t\t\t\t\t\t\t\t\t\t\t\t<img decoding=\"async\" width=\"1024\" height=\"682\" src=\"https:\/\/insad.mx\/wp-content\/uploads\/2023\/11\/people-2557396_1280-1024x682.jpg\" class=\"attachment-large size-large wp-image-7070\" alt=\"\" srcset=\"https:\/\/insad.mx\/wp-content\/uploads\/2023\/11\/people-2557396_1280-1024x682.jpg 1024w, https:\/\/insad.mx\/wp-content\/uploads\/2023\/11\/people-2557396_1280-300x200.jpg 300w, https:\/\/insad.mx\/wp-content\/uploads\/2023\/11\/people-2557396_1280-768x512.jpg 768w, https:\/\/insad.mx\/wp-content\/uploads\/2023\/11\/people-2557396_1280.jpg 1280w\" sizes=\"(max-width: 1024px) 100vw, 1024px\" \/>\t\t\t\t\t\t\t\t\t\t\t\t\t\t\t<\/div>\n\t\t\t\t<\/div>\n\t\t\t\t<div class=\"elementor-element elementor-element-e73ca04 elementor-widget elementor-widget-heading\" data-id=\"e73ca04\" data-element_type=\"widget\" data-e-type=\"widget\" data-widget_type=\"heading.default\">\n\t\t\t\t<div class=\"elementor-widget-container\">\n\t\t\t\t\t<h5 class=\"elementor-heading-title elementor-size-default\">Evaluaciones participativas<\/h5>\t\t\t\t<\/div>\n\t\t\t\t<\/div>\n\t\t\t\t<div class=\"elementor-element elementor-element-c187fb6 elementor-widget elementor-widget-text-editor\" data-id=\"c187fb6\" data-element_type=\"widget\" data-e-type=\"widget\" data-widget_type=\"text-editor.default\">\n\t\t\t\t<div class=\"elementor-widget-container\">\n\t\t\t\t\t\t\t\t\t<ul><li>Involucramos al personal responsable de las acciones y damos prioridad a la <em>&#8216;evaluaci\u00f3n para el desarrollo&#8217;<\/em> o <strong>developmental evaluation<\/strong>.<\/li><li>Este enfoque implica que el evaluador trabaja como un socio activo del equipo implementador, proporcionando retroalimentaci\u00f3n continua sobre el progreso y los resultados obtenidos durante la ejecuci\u00f3n del proyecto o programa.<\/li><li>Esta forma de evaluaci\u00f3n promueve la integraci\u00f3n de la implementaci\u00f3n en un proceso de aprendizaje y mejora continua.<\/li><\/ul>\t\t\t\t\t\t\t\t<\/div>\n\t\t\t\t<\/div>\n\t\t\t\t\t<\/div>\n\t\t<\/div>\n\t\t\t\t\t<\/div>\n\t\t<\/section>\n\t\t<div class=\"elementor-element elementor-element-9982432 e-flex e-con-boxed e-con e-parent\" data-id=\"9982432\" data-element_type=\"container\" data-e-type=\"container\" data-settings=\"{&quot;background_background&quot;:&quot;classic&quot;}\">\n\t\t\t\t\t<div class=\"e-con-inner\">\n\t\t<div class=\"elementor-element elementor-element-9370f43 e-flex e-con-boxed e-con e-child\" data-id=\"9370f43\" data-element_type=\"container\" data-e-type=\"container\" data-settings=\"{&quot;background_background&quot;:&quot;classic&quot;}\">\n\t\t\t\t\t<div class=\"e-con-inner\">\n\t\t\t\t<div class=\"elementor-element elementor-element-1ddd7c2 elementor-widget elementor-widget-heading\" data-id=\"1ddd7c2\" data-element_type=\"widget\" data-e-type=\"widget\" data-widget_type=\"heading.default\">\n\t\t\t\t<div class=\"elementor-widget-container\">\n\t\t\t\t\t<h6 class=\"elementor-heading-title elementor-size-default\">Explora nuestro portafolio de servicios:<\/h6>\t\t\t\t<\/div>\n\t\t\t\t<\/div>\n\t\t<div class=\"elementor-element elementor-element-006e591 e-flex e-con-boxed e-con e-child\" data-id=\"006e591\" data-element_type=\"container\" data-e-type=\"container\">\n\t\t\t\t\t<div class=\"e-con-inner\">\n\t\t\t\t<div class=\"elementor-element elementor-element-2cec426 elementor-widget elementor-widget-button\" data-id=\"2cec426\" data-element_type=\"widget\" data-e-type=\"widget\" data-widget_type=\"button.default\">\n\t\t\t\t<div class=\"elementor-widget-container\">\n\t\t\t\t\t\t\t\t\t<div class=\"elementor-button-wrapper\">\n\t\t\t\t\t<a class=\"elementor-button elementor-button-link elementor-size-sm\" href=\"https:\/\/insad.mx\/?page_id=6857\">\n\t\t\t\t\t\t<span class=\"elementor-button-content-wrapper\">\n\t\t\t\t\t\t<span class=\"elementor-button-icon\">\n\t\t\t\t<i aria-hidden=\"true\" class=\"fas fa-search\"><\/i>\t\t\t<\/span>\n\t\t\t\t\t\t\t\t\t<span class=\"elementor-button-text\">Investigaci\u00f3n<\/span>\n\t\t\t\t\t<\/span>\n\t\t\t\t\t<\/a>\n\t\t\t\t<\/div>\n\t\t\t\t\t\t\t\t<\/div>\n\t\t\t\t<\/div>\n\t\t\t\t<div class=\"elementor-element elementor-element-dcb0f7e elementor-widget elementor-widget-button\" data-id=\"dcb0f7e\" data-element_type=\"widget\" data-e-type=\"widget\" data-widget_type=\"button.default\">\n\t\t\t\t<div class=\"elementor-widget-container\">\n\t\t\t\t\t\t\t\t\t<div class=\"elementor-button-wrapper\">\n\t\t\t\t\t<a class=\"elementor-button elementor-button-link elementor-size-sm\" href=\"https:\/\/insad.mx\/?page_id=6891\">\n\t\t\t\t\t\t<span class=\"elementor-button-content-wrapper\">\n\t\t\t\t\t\t<span class=\"elementor-button-icon\">\n\t\t\t\t<i aria-hidden=\"true\" class=\"fas fa-pencil-ruler\"><\/i>\t\t\t<\/span>\n\t\t\t\t\t\t\t\t\t<span class=\"elementor-button-text\">Dise\u00f1o y planeaci\u00f3n<\/span>\n\t\t\t\t\t<\/span>\n\t\t\t\t\t<\/a>\n\t\t\t\t<\/div>\n\t\t\t\t\t\t\t\t<\/div>\n\t\t\t\t<\/div>\n\t\t\t\t<div class=\"elementor-element elementor-element-9f6c66d elementor-widget elementor-widget-button\" data-id=\"9f6c66d\" data-element_type=\"widget\" data-e-type=\"widget\" data-widget_type=\"button.default\">\n\t\t\t\t<div class=\"elementor-widget-container\">\n\t\t\t\t\t\t\t\t\t<div class=\"elementor-button-wrapper\">\n\t\t\t\t\t<a class=\"elementor-button elementor-button-link elementor-size-sm\" href=\"https:\/\/insad.mx\/?page_id=6892\">\n\t\t\t\t\t\t<span class=\"elementor-button-content-wrapper\">\n\t\t\t\t\t\t<span class=\"elementor-button-icon\">\n\t\t\t\t<i aria-hidden=\"true\" class=\"fas fa-people-arrows\"><\/i>\t\t\t<\/span>\n\t\t\t\t\t\t\t\t\t<span class=\"elementor-button-text\">Asistencia t\u00e9cnica y capacitaci\u00f3n<\/span>\n\t\t\t\t\t<\/span>\n\t\t\t\t\t<\/a>\n\t\t\t\t<\/div>\n\t\t\t\t\t\t\t\t<\/div>\n\t\t\t\t<\/div>\n\t\t\t\t\t<\/div>\n\t\t\t\t<\/div>\n\t\t\t\t\t<\/div>\n\t\t\t\t<\/div>\n\t\t\t\t\t<\/div>\n\t\t\t\t<\/div>\n\t\t<div class=\"elementor-element elementor-element-94941cb e-flex e-con-boxed e-con e-parent\" data-id=\"94941cb\" data-element_type=\"container\" data-e-type=\"container\" data-settings=\"{&quot;background_background&quot;:&quot;classic&quot;}\">\n\t\t\t\t\t<div class=\"e-con-inner\">\n\t\t\t\t<div class=\"elementor-element elementor-element-c3640e3 elementor-widget elementor-widget-heading\" data-id=\"c3640e3\" data-element_type=\"widget\" data-e-type=\"widget\" data-widget_type=\"heading.default\">\n\t\t\t\t<div class=\"elementor-widget-container\">\n\t\t\t\t\t<h6 class=\"elementor-heading-title elementor-size-default\">\u00bfQuieres resultados extraordinarios?<\/h6>\t\t\t\t<\/div>\n\t\t\t\t<\/div>\n\t\t\t\t<div class=\"elementor-element elementor-element-87b1bfa elementor-widget elementor-widget-heading\" data-id=\"87b1bfa\" data-element_type=\"widget\" data-e-type=\"widget\" data-widget_type=\"heading.default\">\n\t\t\t\t<div class=\"elementor-widget-container\">\n\t\t\t\t\t<h3 class=\"elementor-heading-title elementor-size-default\">Da el siguiente paso hacia el \u00e9xito<\/h3>\t\t\t\t<\/div>\n\t\t\t\t<\/div>\n\t\t\t\t<div class=\"elementor-element elementor-element-8c08599 elementor-align-center elementor-widget elementor-widget-button\" data-id=\"8c08599\" data-element_type=\"widget\" data-e-type=\"widget\" data-widget_type=\"button.default\">\n\t\t\t\t<div class=\"elementor-widget-container\">\n\t\t\t\t\t\t\t\t\t<div class=\"elementor-button-wrapper\">\n\t\t\t\t\t<a class=\"elementor-button elementor-button-link elementor-size-sm\" href=\"https:\/\/insad.mx\/?page_id=6044\">\n\t\t\t\t\t\t<span class=\"elementor-button-content-wrapper\">\n\t\t\t\t\t\t\t\t\t<span class=\"elementor-button-text\">Contacto<\/span>\n\t\t\t\t\t<\/span>\n\t\t\t\t\t<\/a>\n\t\t\t\t<\/div>\n\t\t\t\t\t\t\t\t<\/div>\n\t\t\t\t<\/div>\n\t\t\t\t\t<\/div>\n\t\t\t\t<\/div>\n\t\t\t\t<\/div>\n\t\t","protected":false},"excerpt":{"rendered":"<p>Servicios Evaluaci\u00f3n Insad se caracteriza por su experiencia en materia de evaluaci\u00f3n. La mayor parte de los proyectos que realizamos recaen en este campo, desde el monitoreo de procesos de peque\u00f1os proyectos hasta evaluaciones de impacto de programas nacionales. Evaluaciones externas Dise\u00f1amos el proyecto, desde la elaboraci\u00f3n del plan de monitoreo y evaluaci\u00f3n, la creaci\u00f3n [&hellip;]<\/p>\n","protected":false},"author":4,"featured_media":0,"parent":1893,"menu_order":0,"comment_status":"closed","ping_status":"closed","template":"","meta":{"site-sidebar-layout":"no-sidebar","site-content-layout":"page-builder","ast-site-content-layout":"full-width-container","site-content-style":"default","site-sidebar-style":"default","ast-global-header-display":"","ast-banner-title-visibility":"","ast-main-header-display":"","ast-hfb-above-header-display":"","ast-hfb-below-header-display":"","ast-hfb-mobile-header-display":"","site-post-title":"disabled","ast-breadcrumbs-content":"","ast-featured-img":"disabled","footer-sml-layout":"","ast-disable-related-posts":"","theme-transparent-header-meta":"","adv-header-id-meta":"","stick-header-meta":"","header-above-stick-meta":"","header-main-stick-meta":"","header-below-stick-meta":"","astra-migrate-meta-layouts":"set","ast-page-background-enabled":"default","ast-page-background-meta":{"desktop":{"background-color":"","background-image":"","background-repeat":"repeat","background-position":"center center","background-size":"auto","background-attachment":"scroll","background-type":"","background-media":"","overlay-type":"","overlay-color":"","overlay-opacity":"","overlay-gradient":""},"tablet":{"background-color":"","background-image":"","background-repeat":"repeat","background-position":"center center","background-size":"auto","background-attachment":"scroll","background-type":"","background-media":"","overlay-type":"","overlay-color":"","overlay-opacity":"","overlay-gradient":""},"mobile":{"background-color":"","background-image":"","background-repeat":"repeat","background-position":"center center","background-size":"auto","background-attachment":"scroll","background-type":"","background-media":"","overlay-type":"","overlay-color":"","overlay-opacity":"","overlay-gradient":""}},"ast-content-background-meta":{"desktop":{"background-color":"var(--ast-global-color-5)","background-image":"","background-repeat":"repeat","background-position":"center center","background-size":"auto","background-attachment":"scroll","background-type":"","background-media":"","overlay-type":"","overlay-color":"","overlay-opacity":"","overlay-gradient":""},"tablet":{"background-color":"var(--ast-global-color-5)","background-image":"","background-repeat":"repeat","background-position":"center center","background-size":"auto","background-attachment":"scroll","background-type":"","background-media":"","overlay-type":"","overlay-color":"","overlay-opacity":"","overlay-gradient":""},"mobile":{"background-color":"var(--ast-global-color-5)","background-image":"","background-repeat":"repeat","background-position":"center center","background-size":"auto","background-attachment":"scroll","background-type":"","background-media":"","overlay-type":"","overlay-color":"","overlay-opacity":"","overlay-gradient":""}},"footnotes":""},"class_list":["post-6890","page","type-page","status-publish","hentry"],"_links":{"self":[{"href":"https:\/\/insad.mx\/index.php?rest_route=\/wp\/v2\/pages\/6890","targetHints":{"allow":["GET"]}}],"collection":[{"href":"https:\/\/insad.mx\/index.php?rest_route=\/wp\/v2\/pages"}],"about":[{"href":"https:\/\/insad.mx\/index.php?rest_route=\/wp\/v2\/types\/page"}],"author":[{"embeddable":true,"href":"https:\/\/insad.mx\/index.php?rest_route=\/wp\/v2\/users\/4"}],"replies":[{"embeddable":true,"href":"https:\/\/insad.mx\/index.php?rest_route=%2Fwp%2Fv2%2Fcomments&post=6890"}],"version-history":[{"count":10,"href":"https:\/\/insad.mx\/index.php?rest_route=\/wp\/v2\/pages\/6890\/revisions"}],"predecessor-version":[{"id":8317,"href":"https:\/\/insad.mx\/index.php?rest_route=\/wp\/v2\/pages\/6890\/revisions\/8317"}],"up":[{"embeddable":true,"href":"https:\/\/insad.mx\/index.php?rest_route=\/wp\/v2\/pages\/1893"}],"wp:attachment":[{"href":"https:\/\/insad.mx\/index.php?rest_route=%2Fwp%2Fv2%2Fmedia&parent=6890"}],"curies":[{"name":"wp","href":"https:\/\/api.w.org\/{rel}","templated":true}]}}