{"id":5179,"date":"2014-09-12T01:05:20","date_gmt":"2014-09-12T01:05:20","guid":{"rendered":"https:\/\/devinsad.mdhs.mx\/migrated\/site\/?page_id=5179"},"modified":"2023-11-07T18:51:05","modified_gmt":"2023-11-07T18:51:05","slug":"terminos-de-uso","status":"publish","type":"page","link":"https:\/\/insad.mx\/?page_id=5179","title":{"rendered":"T\u00e9rminos de Uso"},"content":{"rendered":"\t\t<div data-elementor-type=\"wp-page\" data-elementor-id=\"5179\" class=\"elementor elementor-5179\">\n\t\t\t\t<div class=\"elementor-element elementor-element-3826fa59 e-flex e-con-boxed e-con e-parent\" data-id=\"3826fa59\" data-element_type=\"container\" data-e-type=\"container\" data-settings=\"{&quot;background_background&quot;:&quot;classic&quot;}\">\n\t\t\t\t\t<div class=\"e-con-inner\">\n\t\t\t\t<div class=\"elementor-element elementor-element-0cf184e elementor-widget elementor-widget-heading\" data-id=\"0cf184e\" data-element_type=\"widget\" data-e-type=\"widget\" data-widget_type=\"heading.default\">\n\t\t\t\t<div class=\"elementor-widget-container\">\n\t\t\t\t\t<h2 class=\"elementor-heading-title elementor-size-default\">T\u00e9rminos de Uso<\/h2>\t\t\t\t<\/div>\n\t\t\t\t<\/div>\n\t\t\t\t<div class=\"elementor-element elementor-element-4151ced elementor-widget elementor-widget-heading\" data-id=\"4151ced\" data-element_type=\"widget\" data-e-type=\"widget\" data-widget_type=\"heading.default\">\n\t\t\t\t<div class=\"elementor-widget-container\">\n\t\t\t\t\t<h5 class=\"elementor-heading-title elementor-size-default\">Aviso legal sobre los documentos disponibles en este sitio web<\/h5>\t\t\t\t<\/div>\n\t\t\t\t<\/div>\n\t\t\t\t\t<\/div>\n\t\t\t\t<\/div>\n\t\t<div class=\"elementor-element elementor-element-a51c008 e-flex e-con-boxed e-con e-parent\" data-id=\"a51c008\" data-element_type=\"container\" data-e-type=\"container\" data-settings=\"{&quot;background_background&quot;:&quot;classic&quot;}\">\n\t\t\t\t\t<div class=\"e-con-inner\">\n\t\t\t\t<div class=\"elementor-element elementor-element-26b7c9d elementor-widget elementor-widget-text-editor\" data-id=\"26b7c9d\" data-element_type=\"widget\" data-e-type=\"widget\" data-widget_type=\"text-editor.default\">\n\t\t\t\t<div class=\"elementor-widget-container\">\n\t\t\t\t\t\t\t\t\t<p>Los servicios que Insad ofrece est\u00e1n sujetos a los siguientes T\u00e9rminos de Uso. Insad se reserva el derecho de actualizar dichos t\u00e9rminos sin aviso previo.<\/p><p>Se concede autorizaci\u00f3n para usar los Documentos (tales como informes, notas de prensa, hojas de datos y FAQs) desde este servidor (el \u00abServidor\u00bb) siempre que (1) la indicaci\u00f3n de reserva de derechos infra aparezca en todas las copias junto con la presente autorizaci\u00f3n, (2) el uso de dichos Documentos desde este Servidor se haga \u00fanicamente con finalidad informativa, personal y no-comercial, sin que se copien o adjunten a ning\u00fan ordenador en red ni se difunda en medio alguno, y (3) no se haga ninguna modificaci\u00f3n de ning\u00fan Documento. El uso para cualquier otro prop\u00f3sito queda expresamente prohibido y puede acarrear graves condenas civiles y penales. Se exigir\u00e1n responsabilidades a los infractores por todas las v\u00edas disponibles en Derecho.<\/p><p>Los Documentos arriba mencionados no incluyen el dise\u00f1o o esquema del sitio web insad.mx ni de cualquier otro sitio que sea propiedad, est\u00e9 gestionado, licenciado o controlado por Insad. Los elementos del sitio web de Insad est\u00e1n protegidos por dise\u00f1os industriales, marcas, competencia desleal y otros derechos y no pueden copiarse o imitarse ni total ni parcialmente. Ning\u00fan logotipo, gr\u00e1fico, sonido o imagen de cualquier sitio web de Insad puede copiarse o ser retransmitido a menos que est\u00e9 expresamente autorizado por Insad.<\/p>\t\t\t\t\t\t\t\t<\/div>\n\t\t\t\t<\/div>\n\t\t\t\t<div class=\"elementor-element elementor-element-dd0fe4b elementor-widget elementor-widget-text-editor\" data-id=\"dd0fe4b\" data-element_type=\"widget\" data-e-type=\"widget\" data-widget_type=\"text-editor.default\">\n\t\t\t\t<div class=\"elementor-widget-container\">\n\t\t\t\t\t\t\t\t\t<p>Insad y\/o sus respectivos proveedores no se hacen responsables de que la informaci\u00f3n contenida en los documentos y gr\u00e1ficos relacionados publicados en este servidor sean utiles para un proposito concreto. Todos los mencionados documentos y graficos relacionados se publican \u00abComo est\u00e1n\u00bb sin garant\u00edas de ninguna clase. Insad y\/o sus respectivos proveedores rechazan toda garant\u00eda respecto a esta informaci\u00f3n, incluyendo todas las garant\u00edas y condiciones impl\u00edcitas de comercializaci\u00f3n, idoneidad para un prop\u00f3sito particular, titularidad y no-infracci\u00f3n. En ning\u00fan caso insad y\/o sus respectivos proveedores ser\u00e1n responsables por ning\u00fan da\u00f1o especial, indirecto o consecuencial que se derive de una imposibilidad de uso, p\u00e9rdida de datos o beneficios, que puedan derivarse de una acci\u00f3n contractual o extracontractual en relaci\u00f3n con el uso o utilizacion de informaci\u00f3n disponible en este servidor.<\/p><p>Los documentos y los gr\u00e1ficos relacionados que se publican en este servidor podr\u00edan incluir imprecisiones t\u00e9cnicas o errores tipogr\u00e1ficos. La informaci\u00f3n est\u00e1 sometida a cambios peri\u00f3dicos. Insad y\/o sus respectivos proveedores pueden hacer en cualquier momento mejoras y\/o cambios en el\/los producto(s) o programa(s) aqu\u00ed descrito(s).<\/p>\t\t\t\t\t\t\t\t<\/div>\n\t\t\t\t<\/div>\n\t\t\t\t\t<\/div>\n\t\t\t\t<\/div>\n\t\t<div class=\"elementor-element elementor-element-0d0d5bf e-flex e-con-boxed e-con e-parent\" data-id=\"0d0d5bf\" data-element_type=\"container\" data-e-type=\"container\" data-settings=\"{&quot;background_background&quot;:&quot;classic&quot;}\">\n\t\t\t\t\t<div class=\"e-con-inner\">\n\t\t\t\t<div class=\"elementor-element elementor-element-7dc72ec elementor-widget elementor-widget-heading\" data-id=\"7dc72ec\" data-element_type=\"widget\" data-e-type=\"widget\" data-widget_type=\"heading.default\">\n\t\t\t\t<div class=\"elementor-widget-container\">\n\t\t\t\t\t<h5 class=\"elementor-heading-title elementor-size-default\">Aviso legal con respecto al software, documentos y servicios disponibles en este sitio web<\/h5>\t\t\t\t<\/div>\n\t\t\t\t<\/div>\n\t\t\t\t<div class=\"elementor-element elementor-element-4687146 elementor-widget-divider--view-line elementor-widget elementor-widget-divider\" data-id=\"4687146\" data-element_type=\"widget\" data-e-type=\"widget\" data-widget_type=\"divider.default\">\n\t\t\t\t<div class=\"elementor-widget-container\">\n\t\t\t\t\t\t\t<div class=\"elementor-divider\">\n\t\t\t<span class=\"elementor-divider-separator\">\n\t\t\t\t\t\t<\/span>\n\t\t<\/div>\n\t\t\t\t\t\t<\/div>\n\t\t\t\t<\/div>\n\t\t\t\t<div class=\"elementor-element elementor-element-d92ef7c elementor-widget elementor-widget-text-editor\" data-id=\"d92ef7c\" data-element_type=\"widget\" data-e-type=\"widget\" data-widget_type=\"text-editor.default\">\n\t\t\t\t<div class=\"elementor-widget-container\">\n\t\t\t\t\t\t\t\t\t<p>En ning\u00fan caso Insad y\/o sus respectivos proveedores ser\u00e1n responsables por ning\u00fan da\u00f1o especial, indirecto o consecuencial ni por ning\u00fan otro da\u00f1o consecuencia de una falta de uso, perdida de datos o beneficios, que puedan derivarse de una acci\u00f3n contractual o extracontractual en relaci\u00f3n con el uso o ejecuci\u00f3n del software, documentos, prestaci\u00f3n o falta de prestaci\u00f3n de servicios o de informaci\u00f3n disponible en este servidor.<\/p>\t\t\t\t\t\t\t\t<\/div>\n\t\t\t\t<\/div>\n\t\t\t\t\t<\/div>\n\t\t\t\t<\/div>\n\t\t<div class=\"elementor-element elementor-element-9128589 e-flex e-con-boxed e-con e-parent\" data-id=\"9128589\" data-element_type=\"container\" data-e-type=\"container\" data-settings=\"{&quot;background_background&quot;:&quot;classic&quot;}\">\n\t\t\t\t\t<div class=\"e-con-inner\">\n\t\t\t\t<div class=\"elementor-element elementor-element-f6554f6 elementor-widget elementor-widget-heading\" data-id=\"f6554f6\" data-element_type=\"widget\" data-e-type=\"widget\" data-widget_type=\"heading.default\">\n\t\t\t\t<div class=\"elementor-widget-container\">\n\t\t\t\t\t<h5 class=\"elementor-heading-title elementor-size-default\">Enlaces a p\u00e1ginas de terceros<\/h5>\t\t\t\t<\/div>\n\t\t\t\t<\/div>\n\t\t\t\t<div class=\"elementor-element elementor-element-371feea elementor-widget-divider--view-line elementor-widget elementor-widget-divider\" data-id=\"371feea\" data-element_type=\"widget\" data-e-type=\"widget\" data-widget_type=\"divider.default\">\n\t\t\t\t<div class=\"elementor-widget-container\">\n\t\t\t\t\t\t\t<div class=\"elementor-divider\">\n\t\t\t<span class=\"elementor-divider-separator\">\n\t\t\t\t\t\t<\/span>\n\t\t<\/div>\n\t\t\t\t\t\t<\/div>\n\t\t\t\t<\/div>\n\t\t\t\t<div class=\"elementor-element elementor-element-2dccedd elementor-widget elementor-widget-text-editor\" data-id=\"2dccedd\" data-element_type=\"widget\" data-e-type=\"widget\" data-widget_type=\"text-editor.default\">\n\t\t\t\t<div class=\"elementor-widget-container\">\n\t\t\t\t\t\t\t\t\t<p>Los enlaces en este \u00e1rea le permitir\u00e1n dejar el sitio Insad. Los sitios enlazados no est\u00e1n controlados por Insad e Insad no se hace responsable de los contenidos de ning\u00fan sitio enlazado ni de ning\u00fan enlace que se encuentre en cualquier sitio enlazado, ni de ning\u00fan cambio o actualizaci\u00f3n de tales sitios. Insad no se hace responsable de actos de webcasting o cualquier otra forma de transmisi\u00f3n efectuada desde cualquier sitio enlazado. Insad s\u00f3lo le est\u00e1 proporcionando estos enlaces a usted para su comodidad, y la inclusi\u00f3n de cualquier enlace no implica la aprobaci\u00f3n del sitio por Insad.<\/p>\t\t\t\t\t\t\t\t<\/div>\n\t\t\t\t<\/div>\n\t\t\t\t\t<\/div>\n\t\t\t\t<\/div>\n\t\t<div class=\"elementor-element elementor-element-71b7ef8 e-flex e-con-boxed e-con e-parent\" data-id=\"71b7ef8\" data-element_type=\"container\" data-e-type=\"container\" data-settings=\"{&quot;background_background&quot;:&quot;classic&quot;}\">\n\t\t\t\t\t<div class=\"e-con-inner\">\n\t\t\t\t<div class=\"elementor-element elementor-element-803832d elementor-widget elementor-widget-heading\" data-id=\"803832d\" data-element_type=\"widget\" data-e-type=\"widget\" data-widget_type=\"heading.default\">\n\t\t\t\t<div class=\"elementor-widget-container\">\n\t\t\t\t\t<h5 class=\"elementor-heading-title elementor-size-default\">Aviso de derechos de autor<\/h5>\t\t\t\t<\/div>\n\t\t\t\t<\/div>\n\t\t\t\t<div class=\"elementor-element elementor-element-01ec7de elementor-widget-divider--view-line elementor-widget elementor-widget-divider\" data-id=\"01ec7de\" data-element_type=\"widget\" data-e-type=\"widget\" data-widget_type=\"divider.default\">\n\t\t\t\t<div class=\"elementor-widget-container\">\n\t\t\t\t\t\t\t<div class=\"elementor-divider\">\n\t\t\t<span class=\"elementor-divider-separator\">\n\t\t\t\t\t\t<\/span>\n\t\t<\/div>\n\t\t\t\t\t\t<\/div>\n\t\t\t\t<\/div>\n\t\t\t\t<div class=\"elementor-element elementor-element-e506b4c elementor-widget elementor-widget-text-editor\" data-id=\"e506b4c\" data-element_type=\"widget\" data-e-type=\"widget\" data-widget_type=\"text-editor.default\">\n\t\t\t\t<div class=\"elementor-widget-container\">\n\t\t\t\t\t\t\t\t\t<p>Copyright \u00a9 2015 Insad. Todos los derechos reservados.<\/p>\t\t\t\t\t\t\t\t<\/div>\n\t\t\t\t<\/div>\n\t\t\t\t\t<\/div>\n\t\t\t\t<\/div>\n\t\t\t\t<\/div>\n\t\t","protected":false},"excerpt":{"rendered":"<p>T\u00e9rminos de Uso Aviso legal sobre los documentos disponibles en este sitio web Los servicios que Insad ofrece est\u00e1n sujetos a los siguientes T\u00e9rminos de Uso. Insad se reserva el derecho de actualizar dichos t\u00e9rminos sin aviso previo. Se concede autorizaci\u00f3n para usar los Documentos (tales como informes, notas de prensa, hojas de datos y [&hellip;]<\/p>\n","protected":false},"author":4,"featured_media":0,"parent":0,"menu_order":0,"comment_status":"closed","ping_status":"open","template":"","meta":{"site-sidebar-layout":"default","site-content-layout":"","ast-site-content-layout":"full-width-container","site-content-style":"default","site-sidebar-style":"default","ast-global-header-display":"","ast-banner-title-visibility":"","ast-main-header-display":"","ast-hfb-above-header-display":"","ast-hfb-below-header-display":"","ast-hfb-mobile-header-display":"","site-post-title":"","ast-breadcrumbs-content":"","ast-featured-img":"","footer-sml-layout":"","ast-disable-related-posts":"","theme-transparent-header-meta":"","adv-header-id-meta":"","stick-header-meta":"","header-above-stick-meta":"","header-main-stick-meta":"","header-below-stick-meta":"","astra-migrate-meta-layouts":"set","ast-page-background-enabled":"default","ast-page-background-meta":{"desktop":{"background-color":"","background-image":"","background-repeat":"repeat","background-position":"center center","background-size":"auto","background-attachment":"scroll","background-type":"","background-media":"","overlay-type":"","overlay-color":"","overlay-opacity":"","overlay-gradient":""},"tablet":{"background-color":"","background-image":"","background-repeat":"repeat","background-position":"center center","background-size":"auto","background-attachment":"scroll","background-type":"","background-media":"","overlay-type":"","overlay-color":"","overlay-opacity":"","overlay-gradient":""},"mobile":{"background-color":"","background-image":"","background-repeat":"repeat","background-position":"center center","background-size":"auto","background-attachment":"scroll","background-type":"","background-media":"","overlay-type":"","overlay-color":"","overlay-opacity":"","overlay-gradient":""}},"ast-content-background-meta":{"desktop":{"background-color":"var(--ast-global-color-5)","background-image":"","background-repeat":"repeat","background-position":"center center","background-size":"auto","background-attachment":"scroll","background-type":"","background-media":"","overlay-type":"","overlay-color":"","overlay-opacity":"","overlay-gradient":""},"tablet":{"background-color":"var(--ast-global-color-5)","background-image":"","background-repeat":"repeat","background-position":"center center","background-size":"auto","background-attachment":"scroll","background-type":"","background-media":"","overlay-type":"","overlay-color":"","overlay-opacity":"","overlay-gradient":""},"mobile":{"background-color":"var(--ast-global-color-5)","background-image":"","background-repeat":"repeat","background-position":"center center","background-size":"auto","background-attachment":"scroll","background-type":"","background-media":"","overlay-type":"","overlay-color":"","overlay-opacity":"","overlay-gradient":""}},"footnotes":""},"class_list":["post-5179","page","type-page","status-publish","hentry"],"_links":{"self":[{"href":"https:\/\/insad.mx\/index.php?rest_route=\/wp\/v2\/pages\/5179","targetHints":{"allow":["GET"]}}],"collection":[{"href":"https:\/\/insad.mx\/index.php?rest_route=\/wp\/v2\/pages"}],"about":[{"href":"https:\/\/insad.mx\/index.php?rest_route=\/wp\/v2\/types\/page"}],"author":[{"embeddable":true,"href":"https:\/\/insad.mx\/index.php?rest_route=\/wp\/v2\/users\/4"}],"replies":[{"embeddable":true,"href":"https:\/\/insad.mx\/index.php?rest_route=%2Fwp%2Fv2%2Fcomments&post=5179"}],"version-history":[{"count":10,"href":"https:\/\/insad.mx\/index.php?rest_route=\/wp\/v2\/pages\/5179\/revisions"}],"predecessor-version":[{"id":6985,"href":"https:\/\/insad.mx\/index.php?rest_route=\/wp\/v2\/pages\/5179\/revisions\/6985"}],"wp:attachment":[{"href":"https:\/\/insad.mx\/index.php?rest_route=%2Fwp%2Fv2%2Fmedia&parent=5179"}],"curies":[{"name":"wp","href":"https:\/\/api.w.org\/{rel}","templated":true}]}}