{"id":5177,"date":"2014-09-12T01:04:08","date_gmt":"2014-09-12T01:04:08","guid":{"rendered":"https:\/\/devinsad.mdhs.mx\/migrated\/site\/?page_id=5177"},"modified":"2024-01-29T17:13:22","modified_gmt":"2024-01-29T23:13:22","slug":"declaracion-de-privacidad","status":"publish","type":"page","link":"https:\/\/insad.mx\/?page_id=5177","title":{"rendered":"Declaraci\u00f3n de Privacidad"},"content":{"rendered":"\t\t<div data-elementor-type=\"wp-page\" data-elementor-id=\"5177\" class=\"elementor elementor-5177\">\n\t\t\t\t<div class=\"elementor-element elementor-element-564fff7 e-flex e-con-boxed e-con e-parent\" data-id=\"564fff7\" data-element_type=\"container\" data-e-type=\"container\" data-settings=\"{&quot;background_background&quot;:&quot;classic&quot;}\">\n\t\t\t\t\t<div class=\"e-con-inner\">\n\t\t\t\t<div class=\"elementor-element elementor-element-a292a6b elementor-widget elementor-widget-heading\" data-id=\"a292a6b\" data-element_type=\"widget\" data-e-type=\"widget\" data-widget_type=\"heading.default\">\n\t\t\t\t<div class=\"elementor-widget-container\">\n\t\t\t\t\t<h2 class=\"elementor-heading-title elementor-size-default\">Declaraci\u00f3n de Privacidad<\/h2>\t\t\t\t<\/div>\n\t\t\t\t<\/div>\n\t\t\t\t\t<\/div>\n\t\t\t\t<\/div>\n\t\t<div class=\"elementor-element elementor-element-763c2dc e-flex e-con-boxed e-con e-parent\" data-id=\"763c2dc\" data-element_type=\"container\" data-e-type=\"container\" data-settings=\"{&quot;background_background&quot;:&quot;classic&quot;}\">\n\t\t\t\t\t<div class=\"e-con-inner\">\n\t\t\t\t<div class=\"elementor-element elementor-element-30469ac elementor-widget elementor-widget-heading\" data-id=\"30469ac\" data-element_type=\"widget\" data-e-type=\"widget\" data-widget_type=\"heading.default\">\n\t\t\t\t<div class=\"elementor-widget-container\">\n\t\t\t\t\t<h5 class=\"elementor-heading-title elementor-size-default\">Cookies y tecnolog\u00edas similares<\/h5>\t\t\t\t<\/div>\n\t\t\t\t<\/div>\n\t\t\t\t<div class=\"elementor-element elementor-element-bae5eff elementor-widget-divider--view-line elementor-widget elementor-widget-divider\" data-id=\"bae5eff\" data-element_type=\"widget\" data-e-type=\"widget\" data-widget_type=\"divider.default\">\n\t\t\t\t<div class=\"elementor-widget-container\">\n\t\t\t\t\t\t\t<div class=\"elementor-divider\">\n\t\t\t<span class=\"elementor-divider-separator\">\n\t\t\t\t\t\t<\/span>\n\t\t<\/div>\n\t\t\t\t\t\t<\/div>\n\t\t\t\t<\/div>\n\t\t\t\t<div class=\"elementor-element elementor-element-91f9903 elementor-widget elementor-widget-text-editor\" data-id=\"91f9903\" data-element_type=\"widget\" data-e-type=\"widget\" data-widget_type=\"text-editor.default\">\n\t\t\t\t<div class=\"elementor-widget-container\">\n\t\t\t\t\t\t\t\t\t<p>Podemos utilizar las cookies para almacenar sus preferencias y su configuraci\u00f3n, ayudar con el inicio de sesi\u00f3n, proporcionar anuncios orientados y analizar las operaciones realizadas en los sitios web. Tambi\u00e9n utilizamos balizas web para enviar cookies y compilar an\u00e1lisis. Insad puede usar balizas web de terceros, pero proh\u00edbe que recopilen su informaci\u00f3n personal. Dispone de una amplia variedad de herramientas para controlar las cookies y las tecnolog\u00edas similares, entre las que se incluyen:<\/p><ul><li>Controles del navegador para bloquear y eliminar cookies;<\/li><li>Controles de publicidad, incluidos los controles de Microsoft en\u00a0<a href=\"http:\/\/choice.live.com\/advertisementchoice\/\" target=\"_blank\" rel=\"noopener\">http:\/\/choice.live.com\/advertisementchoice\/<\/a>, para optar por no recibir anuncios orientados por comportamiento; y<\/li><li>Controles de algunos proveedores de an\u00e1lisis para inhabilitar la recopilaci\u00f3n de datos en balizas web.<\/li><\/ul>\t\t\t\t\t\t\t\t<\/div>\n\t\t\t\t<\/div>\n\t\t\t\t\t<\/div>\n\t\t\t\t<\/div>\n\t\t<div class=\"elementor-element elementor-element-37782b2 e-flex e-con-boxed e-con e-parent\" data-id=\"37782b2\" data-element_type=\"container\" data-e-type=\"container\" data-settings=\"{&quot;background_background&quot;:&quot;classic&quot;}\">\n\t\t\t\t\t<div class=\"e-con-inner\">\n\t\t\t\t<div class=\"elementor-element elementor-element-cd09f67 elementor-widget elementor-widget-heading\" data-id=\"cd09f67\" data-element_type=\"widget\" data-e-type=\"widget\" data-widget_type=\"heading.default\">\n\t\t\t\t<div class=\"elementor-widget-container\">\n\t\t\t\t\t<h5 class=\"elementor-heading-title elementor-size-default\">Informaci\u00f3n que recopilamos<\/h5>\t\t\t\t<\/div>\n\t\t\t\t<\/div>\n\t\t\t\t<div class=\"elementor-element elementor-element-ea2e682 elementor-widget-divider--view-line elementor-widget elementor-widget-divider\" data-id=\"ea2e682\" data-element_type=\"widget\" data-e-type=\"widget\" data-widget_type=\"divider.default\">\n\t\t\t\t<div class=\"elementor-widget-container\">\n\t\t\t\t\t\t\t<div class=\"elementor-divider\">\n\t\t\t<span class=\"elementor-divider-separator\">\n\t\t\t\t\t\t<\/span>\n\t\t<\/div>\n\t\t\t\t\t\t<\/div>\n\t\t\t\t<\/div>\n\t\t\t\t<div class=\"elementor-element elementor-element-b3341d2 elementor-widget elementor-widget-text-editor\" data-id=\"b3341d2\" data-element_type=\"widget\" data-e-type=\"widget\" data-widget_type=\"text-editor.default\">\n\t\t\t\t<div class=\"elementor-widget-container\">\n\t\t\t\t\t\t\t\t\t<p>Insad recopila muchos tipos de informaci\u00f3n para operar de forma efectiva y ofrecerle los mejores productos, servicios y experiencias posibles.<br \/>S\u00f3lo recolectamos su informaci\u00f3n personal cuando nos manda un mensaje a trav\u00e9s del formulario de contacto, pero la infromaci\u00f3n de navegaci\u00f3n permanece an\u00f3nima cuando recolectamos informaci\u00f3n del registro de la web (utilizando Google Analytics). Tambi\u00e9n podemos obtener informaci\u00f3n de otras empresas.<br \/>Recopilamos esta informaci\u00f3n de varias formas, por ejemplo, mediante formularios web y tecnolog\u00edas como cookies, registros web y software en su equipo o en otro dispositivo.<\/p>\t\t\t\t\t\t\t\t<\/div>\n\t\t\t\t<\/div>\n\t\t\t\t\t<\/div>\n\t\t\t\t<\/div>\n\t\t<div class=\"elementor-element elementor-element-bac4e30 e-flex e-con-boxed e-con e-parent\" data-id=\"bac4e30\" data-element_type=\"container\" data-e-type=\"container\" data-settings=\"{&quot;background_background&quot;:&quot;classic&quot;}\">\n\t\t\t\t\t<div class=\"e-con-inner\">\n\t\t\t\t<div class=\"elementor-element elementor-element-c7018aa elementor-widget elementor-widget-heading\" data-id=\"c7018aa\" data-element_type=\"widget\" data-e-type=\"widget\" data-widget_type=\"heading.default\">\n\t\t\t\t<div class=\"elementor-widget-container\">\n\t\t\t\t\t<h5 class=\"elementor-heading-title elementor-size-default\">C\u00f3mo utilizamos su informaci\u00f3n personal\n<\/h5>\t\t\t\t<\/div>\n\t\t\t\t<\/div>\n\t\t\t\t<div class=\"elementor-element elementor-element-bb720d8 elementor-widget-divider--view-line elementor-widget elementor-widget-divider\" data-id=\"bb720d8\" data-element_type=\"widget\" data-e-type=\"widget\" data-widget_type=\"divider.default\">\n\t\t\t\t<div class=\"elementor-widget-container\">\n\t\t\t\t\t\t\t<div class=\"elementor-divider\">\n\t\t\t<span class=\"elementor-divider-separator\">\n\t\t\t\t\t\t<\/span>\n\t\t<\/div>\n\t\t\t\t\t\t<\/div>\n\t\t\t\t<\/div>\n\t\t\t\t<div class=\"elementor-element elementor-element-0d6deae elementor-widget elementor-widget-text-editor\" data-id=\"0d6deae\" data-element_type=\"widget\" data-e-type=\"widget\" data-widget_type=\"text-editor.default\">\n\t\t\t\t<div class=\"elementor-widget-container\">\n\t\t\t\t\t\t\t\t\t<p>Insad recopila y usa su informaci\u00f3n personal para operar, mejorar y personalizar sus productos y servicios.<br \/>Tambi\u00e9n podemos utilizar la informaci\u00f3n para comunicarnos con usted, por ejemplo, para informarle de las actualizaciones relacionadas con su cuenta y con la seguridad.<br \/>Y podemos utilizar la informaci\u00f3n para hacer que los anuncios que ve en nuestros servicios con publicidad sean m\u00e1s relevantes.<\/p>\t\t\t\t\t\t\t\t<\/div>\n\t\t\t\t<\/div>\n\t\t\t\t\t<\/div>\n\t\t\t\t<\/div>\n\t\t<div class=\"elementor-element elementor-element-4af1cf0 e-flex e-con-boxed e-con e-parent\" data-id=\"4af1cf0\" data-element_type=\"container\" data-e-type=\"container\" data-settings=\"{&quot;background_background&quot;:&quot;classic&quot;}\">\n\t\t\t\t\t<div class=\"e-con-inner\">\n\t\t\t\t<div class=\"elementor-element elementor-element-f87baae elementor-widget elementor-widget-heading\" data-id=\"f87baae\" data-element_type=\"widget\" data-e-type=\"widget\" data-widget_type=\"heading.default\">\n\t\t\t\t<div class=\"elementor-widget-container\">\n\t\t\t\t\t<h5 class=\"elementor-heading-title elementor-size-default\">Motivos por los que compartimos su informaci\u00f3n personal<\/h5>\t\t\t\t<\/div>\n\t\t\t\t<\/div>\n\t\t\t\t<div class=\"elementor-element elementor-element-86acce6 elementor-widget-divider--view-line elementor-widget elementor-widget-divider\" data-id=\"86acce6\" data-element_type=\"widget\" data-e-type=\"widget\" data-widget_type=\"divider.default\">\n\t\t\t\t<div class=\"elementor-widget-container\">\n\t\t\t\t\t\t\t<div class=\"elementor-divider\">\n\t\t\t<span class=\"elementor-divider-separator\">\n\t\t\t\t\t\t<\/span>\n\t\t<\/div>\n\t\t\t\t\t\t<\/div>\n\t\t\t\t<\/div>\n\t\t\t\t<div class=\"elementor-element elementor-element-da97714 elementor-widget elementor-widget-text-editor\" data-id=\"da97714\" data-element_type=\"widget\" data-e-type=\"widget\" data-widget_type=\"text-editor.default\">\n\t\t\t\t<div class=\"elementor-widget-container\">\n\t\t\t\t\t\t\t\t\t<p>Excepto en los casos descritos en esta declaraci\u00f3n de privacidad, no revelaremos su informaci\u00f3n personal a un tercero sin su consentimiento.<br \/>S\u00f3lo compartimos su informaci\u00f3n cuando la Ley lo requiere o para responder a un proceso legal, para combatir el fraude o proteger nuestros intereses, o para proteger vidas.<\/p>\t\t\t\t\t\t\t\t<\/div>\n\t\t\t\t<\/div>\n\t\t\t\t\t<\/div>\n\t\t\t\t<\/div>\n\t\t<div class=\"elementor-element elementor-element-c9d13d2 e-flex e-con-boxed e-con e-parent\" data-id=\"c9d13d2\" data-element_type=\"container\" data-e-type=\"container\" data-settings=\"{&quot;background_background&quot;:&quot;classic&quot;}\">\n\t\t\t\t\t<div class=\"e-con-inner\">\n\t\t\t\t<div class=\"elementor-element elementor-element-e0af463 elementor-widget elementor-widget-heading\" data-id=\"e0af463\" data-element_type=\"widget\" data-e-type=\"widget\" data-widget_type=\"heading.default\">\n\t\t\t\t<div class=\"elementor-widget-container\">\n\t\t\t\t\t<h5 class=\"elementor-heading-title elementor-size-default\">Protecci\u00f3n de la seguridad de la informaci\u00f3n personal<\/h5>\t\t\t\t<\/div>\n\t\t\t\t<\/div>\n\t\t\t\t<div class=\"elementor-element elementor-element-3497ce9 elementor-widget-divider--view-line elementor-widget elementor-widget-divider\" data-id=\"3497ce9\" data-element_type=\"widget\" data-e-type=\"widget\" data-widget_type=\"divider.default\">\n\t\t\t\t<div class=\"elementor-widget-container\">\n\t\t\t\t\t\t\t<div class=\"elementor-divider\">\n\t\t\t<span class=\"elementor-divider-separator\">\n\t\t\t\t\t\t<\/span>\n\t\t<\/div>\n\t\t\t\t\t\t<\/div>\n\t\t\t\t<\/div>\n\t\t\t\t<div class=\"elementor-element elementor-element-9951f69 elementor-widget elementor-widget-text-editor\" data-id=\"9951f69\" data-element_type=\"widget\" data-e-type=\"widget\" data-widget_type=\"text-editor.default\">\n\t\t\t\t<div class=\"elementor-widget-container\">\n\t\t\t\t\t\t\t\t\t<p>Insad expresa su compromiso de proteger la seguridad de la informaci\u00f3n personal de todos los usuarios. Utilizamos una amplia variedad de tecnolog\u00edas y procedimientos de seguridad para proteger la informaci\u00f3n personal contra el acceso, el uso o la divulgaci\u00f3n no autorizados. Por ejemplo, almacenamos la informaci\u00f3n personal que nos proporciona en sistemas inform\u00e1ticos con acceso limitado, ubicados en instalaciones controladas.<\/p>\t\t\t\t\t\t\t\t<\/div>\n\t\t\t\t<\/div>\n\t\t\t\t\t<\/div>\n\t\t\t\t<\/div>\n\t\t<div class=\"elementor-element elementor-element-98035dd e-flex e-con-boxed e-con e-parent\" data-id=\"98035dd\" data-element_type=\"container\" data-e-type=\"container\" data-settings=\"{&quot;background_background&quot;:&quot;classic&quot;}\">\n\t\t\t\t\t<div class=\"e-con-inner\">\n\t\t\t\t<div class=\"elementor-element elementor-element-96a421c elementor-widget elementor-widget-heading\" data-id=\"96a421c\" data-element_type=\"widget\" data-e-type=\"widget\" data-widget_type=\"heading.default\">\n\t\t\t\t<div class=\"elementor-widget-container\">\n\t\t\t\t\t<h5 class=\"elementor-heading-title elementor-size-default\">Acceso a su informaci\u00f3n personal y preguntas de privacidad<\/h5>\t\t\t\t<\/div>\n\t\t\t\t<\/div>\n\t\t\t\t<div class=\"elementor-element elementor-element-6bf732c elementor-widget-divider--view-line elementor-widget elementor-widget-divider\" data-id=\"6bf732c\" data-element_type=\"widget\" data-e-type=\"widget\" data-widget_type=\"divider.default\">\n\t\t\t\t<div class=\"elementor-widget-container\">\n\t\t\t\t\t\t\t<div class=\"elementor-divider\">\n\t\t\t<span class=\"elementor-divider-separator\">\n\t\t\t\t\t\t<\/span>\n\t\t<\/div>\n\t\t\t\t\t\t<\/div>\n\t\t\t\t<\/div>\n\t\t\t\t<div class=\"elementor-element elementor-element-174f59d elementor-widget elementor-widget-text-editor\" data-id=\"174f59d\" data-element_type=\"widget\" data-e-type=\"widget\" data-widget_type=\"text-editor.default\">\n\t\t\t\t<div class=\"elementor-widget-container\">\n\t\t\t\t\t\t\t\t\t<p>Actualmente no proveemos una manera para acceder a sus datos recolectados en l\u00ednea, pero si desea que los borremos o tiene alguna pregunta concerniente a alg\u00fan asunto de privacidad, puede contactarnos mand\u00e1ndonos un correo electr\u00f3nico a insad@insad.mx. Responderemos solicitudes para el borrado de datos en un plazo de 30 d\u00edas m\u00e1ximo.<\/p>\t\t\t\t\t\t\t\t<\/div>\n\t\t\t\t<\/div>\n\t\t\t\t\t<\/div>\n\t\t\t\t<\/div>\n\t\t<div class=\"elementor-element elementor-element-81375bb e-flex e-con-boxed e-con e-parent\" data-id=\"81375bb\" data-element_type=\"container\" data-e-type=\"container\" data-settings=\"{&quot;background_background&quot;:&quot;classic&quot;}\">\n\t\t\t\t\t<div class=\"e-con-inner\">\n\t\t\t\t<div class=\"elementor-element elementor-element-2389a9d elementor-widget elementor-widget-heading\" data-id=\"2389a9d\" data-element_type=\"widget\" data-e-type=\"widget\" data-widget_type=\"heading.default\">\n\t\t\t\t<div class=\"elementor-widget-container\">\n\t\t\t\t\t<h5 class=\"elementor-heading-title elementor-size-default\">Enlaces a terceros<\/h5>\t\t\t\t<\/div>\n\t\t\t\t<\/div>\n\t\t\t\t<div class=\"elementor-element elementor-element-e4d6628 elementor-widget-divider--view-line elementor-widget elementor-widget-divider\" data-id=\"e4d6628\" data-element_type=\"widget\" data-e-type=\"widget\" data-widget_type=\"divider.default\">\n\t\t\t\t<div class=\"elementor-widget-container\">\n\t\t\t\t\t\t\t<div class=\"elementor-divider\">\n\t\t\t<span class=\"elementor-divider-separator\">\n\t\t\t\t\t\t<\/span>\n\t\t<\/div>\n\t\t\t\t\t\t<\/div>\n\t\t\t\t<\/div>\n\t\t\t\t<div class=\"elementor-element elementor-element-e57ed24 elementor-widget elementor-widget-text-editor\" data-id=\"e57ed24\" data-element_type=\"widget\" data-e-type=\"widget\" data-widget_type=\"text-editor.default\">\n\t\t\t\t<div class=\"elementor-widget-container\">\n\t\t\t\t\t\t\t\t\t<p>A continuaci\u00f3n puede verificar los t\u00e9rminos de las pol\u00edticas de las compa\u00f1\u00edas de terceros con las que trabajamos para proveerle el mejor servicio:<\/p><ul><li>Bing:\u00a0<a href=\"https:\/\/choice.live.com\/privacy\/bing.html\" target=\"_blank\" rel=\"noopener\">https:\/\/choice.live.com\/privacy\/bing.html<\/a><\/li><li>Google Analytics:\u00a0<a href=\"http:\/\/www.google.com\/analytics\/learn\/privacy.html\" target=\"_blank\" rel=\"noopener\">http:\/\/www.google.com\/analytics\/learn\/privacy.html<\/a><\/li><\/ul>\t\t\t\t\t\t\t\t<\/div>\n\t\t\t\t<\/div>\n\t\t\t\t\t<\/div>\n\t\t\t\t<\/div>\n\t\t<div class=\"elementor-element elementor-element-1e8323c e-flex e-con-boxed e-con e-parent\" data-id=\"1e8323c\" data-element_type=\"container\" data-e-type=\"container\" data-settings=\"{&quot;background_background&quot;:&quot;classic&quot;}\">\n\t\t\t\t\t<div class=\"e-con-inner\">\n\t\t\t\t<div class=\"elementor-element elementor-element-16f86a2 elementor-widget elementor-widget-heading\" data-id=\"16f86a2\" data-element_type=\"widget\" data-e-type=\"widget\" data-widget_type=\"heading.default\">\n\t\t\t\t<div class=\"elementor-widget-container\">\n\t\t\t\t\t<h5 class=\"elementor-heading-title elementor-size-default\">Enlace a los t\u00e9rminos de uso:<\/h5>\t\t\t\t<\/div>\n\t\t\t\t<\/div>\n\t\t\t\t<div class=\"elementor-element elementor-element-6f92b2c elementor-widget-divider--view-line elementor-widget elementor-widget-divider\" data-id=\"6f92b2c\" data-element_type=\"widget\" data-e-type=\"widget\" data-widget_type=\"divider.default\">\n\t\t\t\t<div class=\"elementor-widget-container\">\n\t\t\t\t\t\t\t<div class=\"elementor-divider\">\n\t\t\t<span class=\"elementor-divider-separator\">\n\t\t\t\t\t\t<\/span>\n\t\t<\/div>\n\t\t\t\t\t\t<\/div>\n\t\t\t\t<\/div>\n\t\t\t\t<div class=\"elementor-element elementor-element-82670ff elementor-widget elementor-widget-text-editor\" data-id=\"82670ff\" data-element_type=\"widget\" data-e-type=\"widget\" data-widget_type=\"text-editor.default\">\n\t\t\t\t<div class=\"elementor-widget-container\">\n\t\t\t\t\t\t\t\t\t<p><a href=\"https:\/\/insad.mx\/?page_id=5179\">\u00bb T\u00e9rminos de Uso<\/a><\/p>\t\t\t\t\t\t\t\t<\/div>\n\t\t\t\t<\/div>\n\t\t\t\t\t<\/div>\n\t\t\t\t<\/div>\n\t\t\t\t<\/div>\n\t\t","protected":false},"excerpt":{"rendered":"<p>Declaraci\u00f3n de Privacidad Cookies y tecnolog\u00edas similares Podemos utilizar las cookies para almacenar sus preferencias y su configuraci\u00f3n, ayudar con el inicio de sesi\u00f3n, proporcionar anuncios orientados y analizar las operaciones realizadas en los sitios web. Tambi\u00e9n utilizamos balizas web para enviar cookies y compilar an\u00e1lisis. Insad puede usar balizas web de terceros, pero proh\u00edbe [&hellip;]<\/p>\n","protected":false},"author":4,"featured_media":0,"parent":0,"menu_order":0,"comment_status":"closed","ping_status":"open","template":"","meta":{"site-sidebar-layout":"default","site-content-layout":"","ast-site-content-layout":"full-width-container","site-content-style":"default","site-sidebar-style":"default","ast-global-header-display":"","ast-banner-title-visibility":"","ast-main-header-display":"","ast-hfb-above-header-display":"","ast-hfb-below-header-display":"","ast-hfb-mobile-header-display":"","site-post-title":"","ast-breadcrumbs-content":"","ast-featured-img":"","footer-sml-layout":"","ast-disable-related-posts":"","theme-transparent-header-meta":"","adv-header-id-meta":"","stick-header-meta":"","header-above-stick-meta":"","header-main-stick-meta":"","header-below-stick-meta":"","astra-migrate-meta-layouts":"set","ast-page-background-enabled":"default","ast-page-background-meta":{"desktop":{"background-color":"","background-image":"","background-repeat":"repeat","background-position":"center center","background-size":"auto","background-attachment":"scroll","background-type":"","background-media":"","overlay-type":"","overlay-color":"","overlay-opacity":"","overlay-gradient":""},"tablet":{"background-color":"","background-image":"","background-repeat":"repeat","background-position":"center center","background-size":"auto","background-attachment":"scroll","background-type":"","background-media":"","overlay-type":"","overlay-color":"","overlay-opacity":"","overlay-gradient":""},"mobile":{"background-color":"","background-image":"","background-repeat":"repeat","background-position":"center center","background-size":"auto","background-attachment":"scroll","background-type":"","background-media":"","overlay-type":"","overlay-color":"","overlay-opacity":"","overlay-gradient":""}},"ast-content-background-meta":{"desktop":{"background-color":"var(--ast-global-color-5)","background-image":"","background-repeat":"repeat","background-position":"center center","background-size":"auto","background-attachment":"scroll","background-type":"","background-media":"","overlay-type":"","overlay-color":"","overlay-opacity":"","overlay-gradient":""},"tablet":{"background-color":"var(--ast-global-color-5)","background-image":"","background-repeat":"repeat","background-position":"center center","background-size":"auto","background-attachment":"scroll","background-type":"","background-media":"","overlay-type":"","overlay-color":"","overlay-opacity":"","overlay-gradient":""},"mobile":{"background-color":"var(--ast-global-color-5)","background-image":"","background-repeat":"repeat","background-position":"center center","background-size":"auto","background-attachment":"scroll","background-type":"","background-media":"","overlay-type":"","overlay-color":"","overlay-opacity":"","overlay-gradient":""}},"footnotes":""},"class_list":["post-5177","page","type-page","status-publish","hentry"],"_links":{"self":[{"href":"https:\/\/insad.mx\/index.php?rest_route=\/wp\/v2\/pages\/5177","targetHints":{"allow":["GET"]}}],"collection":[{"href":"https:\/\/insad.mx\/index.php?rest_route=\/wp\/v2\/pages"}],"about":[{"href":"https:\/\/insad.mx\/index.php?rest_route=\/wp\/v2\/types\/page"}],"author":[{"embeddable":true,"href":"https:\/\/insad.mx\/index.php?rest_route=\/wp\/v2\/users\/4"}],"replies":[{"embeddable":true,"href":"https:\/\/insad.mx\/index.php?rest_route=%2Fwp%2Fv2%2Fcomments&post=5177"}],"version-history":[{"count":10,"href":"https:\/\/insad.mx\/index.php?rest_route=\/wp\/v2\/pages\/5177\/revisions"}],"predecessor-version":[{"id":8197,"href":"https:\/\/insad.mx\/index.php?rest_route=\/wp\/v2\/pages\/5177\/revisions\/8197"}],"wp:attachment":[{"href":"https:\/\/insad.mx\/index.php?rest_route=%2Fwp%2Fv2%2Fmedia&parent=5177"}],"curies":[{"name":"wp","href":"https:\/\/api.w.org\/{rel}","templated":true}]}}